{"id":13586,"date":"2026-04-11T03:25:27","date_gmt":"2026-04-11T03:25:27","guid":{"rendered":"https:\/\/exceptionaldiscoveries.shop\/?post_type=product&#038;p=13586"},"modified":"2026-04-11T03:31:46","modified_gmt":"2026-04-11T03:31:46","slug":"3mp-2k-smart-security-camera-baby-monitor-pet-cam-color-night-vision-motion-detection-easy-install-cloud-sd-storage","status":"publish","type":"product","link":"https:\/\/exceptionaldiscoveries.shop\/es\/producto\/3mp-2k-smart-security-camera-baby-monitor-pet-cam-color-night-vision-motion-detection-easy-install-cloud-sd-storage\/","title":{"rendered":"3mp 2k Smart Security Camera, Baby Monitor &#038; Pet Cam, Color Night Vision, Motion Detection, Easy Install, Cloud\/SD Storage"},"content":{"rendered":"<div data-elementor-type=\"product-post\" data-elementor-id=\"13586\" class=\"elementor elementor-13586\" data-elementor-post-type=\"product\">\n\t\t\t\t<div class=\"elementor-element elementor-element-e90c6ae e-flex e-con-boxed e-con e-parent\" data-id=\"e90c6ae\" data-element_type=\"container\" data-settings=\"{&quot;ekit_has_onepagescroll_dot&quot;:&quot;yes&quot;}\">\n\t\t\t\t\t<div class=\"e-con-inner\">\n\t\t<div class=\"elementor-element elementor-element-4a39c0a9 e-grid e-con-full e-con e-child\" data-id=\"4a39c0a9\" data-element_type=\"container\" data-settings=\"{&quot;ekit_has_onepagescroll_dot&quot;:&quot;yes&quot;}\">\n\t\t\t\t<div class=\"elementor-element elementor-element-42c5bd99 elementor-widget elementor-widget-video\" data-id=\"42c5bd99\" data-element_type=\"widget\" data-settings=\"{&quot;video_type&quot;:&quot;hosted&quot;,&quot;controls&quot;:&quot;yes&quot;,&quot;ekit_we_effect_on&quot;:&quot;none&quot;}\" data-widget_type=\"video.default\">\n\t\t\t\t<div class=\"elementor-widget-container\">\n\t\t\t\t\t\t\t<div class=\"e-hosted-video elementor-wrapper elementor-open-inline\">\n\t\t\t\t\t<video class=\"elementor-video\" src=\"https:\/\/exceptionaldiscoveries.shop\/wp-content\/uploads\/2026\/04\/video_2026-03-27_13-41-57.mp4\" controls=\"\" preload=\"metadata\" controlslist=\"nodownload\"><\/video>\n\t\t\t\t<\/div>\n\t\t\t\t\t\t<\/div>\n\t\t\t\t<\/div>\n\t\t\t\t<div class=\"elementor-element elementor-element-5ba1d190 elementor-widget elementor-widget-text-editor\" data-id=\"5ba1d190\" data-element_type=\"widget\" data-settings=\"{&quot;ekit_we_effect_on&quot;:&quot;none&quot;}\" data-widget_type=\"text-editor.default\">\n\t\t\t\t<div class=\"elementor-widget-container\">\n\t\t\t\t\t\t\t\t\t<div class=\"elementor-widget-container\">\n    # Product information\n\n    <div class=\"product-table\">\n        <div class=\"product-row\">\n            <div class=\"product-label\">Additional details<\/div>\n            <div class=\"product-value\"><\/div>\n        <\/div>\n        <div class=\"product-row\">\n            <div class=\"product-label\">Color<\/div>\n            <div class=\"product-value\">black and white<\/div>\n        <\/div>\n        <div class=\"product-row\">\n            <div class=\"product-label\">Room Type<\/div>\n            <div class=\"product-value\">Hallway, Living Room, Study Room<\/div>\n        <\/div>\n        <div class=\"product-row\">\n            <div class=\"product-label\">Camera Optics<\/div>\n            <div class=\"product-value\"><\/div>\n        <\/div>\n        <div class=\"product-row\">\n            <div class=\"product-label\">Field Of View<\/div>\n            <div class=\"product-value\">355 Degrees<\/div>\n        <\/div>\n    <\/div>\n\n    <style>\n        .product-table {\n            width: 100%;\n            border-top: 1px solid #000;\n            font-family: Arial, sans-serif;\n        }\n\n        .product-row {\n            display: flex;\n            border-bottom: 1px solid #000;\n            padding: 12px 0;\n        }\n\n        .product-label {\n            flex: 1;\n            font-weight: bold;\n            min-width: 200px;\n            padding-right: 20px;\n        }\n\n        .product-value {\n            flex: 1;\n            min-width: 200px;\n        }\n    <\/style>\n<\/div>\t\t\t\t\t\t\t\t<\/div>\n\t\t\t\t<\/div>\n\t\t\t\t<\/div>\n\t\t\t\t\t<\/div>\n\t\t\t\t<\/div>\n\t\t<div class=\"elementor-element elementor-element-323c4f87 e-flex e-con-boxed e-con e-parent\" data-id=\"323c4f87\" data-element_type=\"container\" data-settings=\"{&quot;ekit_has_onepagescroll_dot&quot;:&quot;yes&quot;}\">\n\t\t\t\t\t<div class=\"e-con-inner\">\n\t\t\t\t<div class=\"elementor-element elementor-element-542d550 elementor-position-left elementor-vertical-align-middle elementor-widget elementor-widget-image-box\" data-id=\"542d550\" data-element_type=\"widget\" data-settings=\"{&quot;ekit_we_effect_on&quot;:&quot;none&quot;}\" data-widget_type=\"image-box.default\">\n\t\t\t\t<div class=\"elementor-widget-container\">\n\t\t\t\t\t<div class=\"elementor-image-box-wrapper\"><figure class=\"elementor-image-box-img\"><img loading=\"lazy\" decoding=\"async\" width=\"1000\" height=\"540\" src=\"https:\/\/exceptionaldiscoveries.shop\/wp-content\/uploads\/2026\/04\/Sca0670c185434ed1a35574d99f29bfd1r.webp\" class=\"attachment-full size-full wp-image-13598 wvs-archive-product-image\" alt=\"\" srcset=\"https:\/\/exceptionaldiscoveries.shop\/wp-content\/uploads\/2026\/04\/Sca0670c185434ed1a35574d99f29bfd1r.webp 1000w, https:\/\/exceptionaldiscoveries.shop\/wp-content\/uploads\/2026\/04\/Sca0670c185434ed1a35574d99f29bfd1r-300x162.webp 300w, https:\/\/exceptionaldiscoveries.shop\/wp-content\/uploads\/2026\/04\/Sca0670c185434ed1a35574d99f29bfd1r-768x415.webp 768w, https:\/\/exceptionaldiscoveries.shop\/wp-content\/uploads\/2026\/04\/Sca0670c185434ed1a35574d99f29bfd1r-18x10.webp 18w, https:\/\/exceptionaldiscoveries.shop\/wp-content\/uploads\/2026\/04\/Sca0670c185434ed1a35574d99f29bfd1r-600x324.webp 600w, https:\/\/exceptionaldiscoveries.shop\/wp-content\/uploads\/2026\/04\/Sca0670c185434ed1a35574d99f29bfd1r-1x1.webp 1w, https:\/\/exceptionaldiscoveries.shop\/wp-content\/uploads\/2026\/04\/Sca0670c185434ed1a35574d99f29bfd1r-10x5.webp 10w\" sizes=\"auto, (max-width: 1000px) 100vw, 1000px\" \/><\/figure><div class=\"elementor-image-box-content\"><h3 class=\"elementor-image-box-title\">Visi\u00f3n nocturna en color \u2013 Seguridad las 24 horas<\/h3><p class=\"elementor-image-box-description\">Gracias a sus potentes LEDs infrarrojos y de luz blanca, la c\u00e1mara ofrece dos modos de visi\u00f3n nocturna: infrarrojo cl\u00e1sico en blanco y negro para m\u00e1xima discreci\u00f3n, o visi\u00f3n nocturna en color con iluminaci\u00f3n activa que permite ver detalles en color incluso en completa oscuridad.<\/p><\/div><\/div>\t\t\t\t<\/div>\n\t\t\t\t<\/div>\n\t\t\t\t<div class=\"elementor-element elementor-element-7808ac1a elementor-position-right elementor-vertical-align-middle elementor-widget elementor-widget-image-box\" data-id=\"7808ac1a\" data-element_type=\"widget\" data-settings=\"{&quot;ekit_we_effect_on&quot;:&quot;none&quot;}\" data-widget_type=\"image-box.default\">\n\t\t\t\t<div class=\"elementor-widget-container\">\n\t\t\t\t\t<div class=\"elementor-image-box-wrapper\"><figure class=\"elementor-image-box-img\"><img loading=\"lazy\" decoding=\"async\" width=\"970\" height=\"600\" src=\"https:\/\/exceptionaldiscoveries.shop\/wp-content\/uploads\/2026\/04\/21b9e395-b195-447e-917c-940a3c63c851.__CR00970600_PT0_SX970_V1___.jpg\" class=\"attachment-full size-full wp-image-13599 wvs-archive-product-image\" alt=\"\" srcset=\"https:\/\/exceptionaldiscoveries.shop\/wp-content\/uploads\/2026\/04\/21b9e395-b195-447e-917c-940a3c63c851.__CR00970600_PT0_SX970_V1___.jpg 970w, https:\/\/exceptionaldiscoveries.shop\/wp-content\/uploads\/2026\/04\/21b9e395-b195-447e-917c-940a3c63c851.__CR00970600_PT0_SX970_V1___-300x186.jpg 300w, https:\/\/exceptionaldiscoveries.shop\/wp-content\/uploads\/2026\/04\/21b9e395-b195-447e-917c-940a3c63c851.__CR00970600_PT0_SX970_V1___-768x475.jpg 768w, https:\/\/exceptionaldiscoveries.shop\/wp-content\/uploads\/2026\/04\/21b9e395-b195-447e-917c-940a3c63c851.__CR00970600_PT0_SX970_V1___-18x12.jpg 18w, https:\/\/exceptionaldiscoveries.shop\/wp-content\/uploads\/2026\/04\/21b9e395-b195-447e-917c-940a3c63c851.__CR00970600_PT0_SX970_V1___-600x371.jpg 600w, https:\/\/exceptionaldiscoveries.shop\/wp-content\/uploads\/2026\/04\/21b9e395-b195-447e-917c-940a3c63c851.__CR00970600_PT0_SX970_V1___-1x1.jpg 1w, https:\/\/exceptionaldiscoveries.shop\/wp-content\/uploads\/2026\/04\/21b9e395-b195-447e-917c-940a3c63c851.__CR00970600_PT0_SX970_V1___-10x6.jpg 10w\" sizes=\"auto, (max-width: 970px) 100vw, 970px\" \/><\/figure><div class=\"elementor-image-box-content\"><h3 class=\"elementor-image-box-title\">Privacidad y cifrado \u2013 Tus datos, seguros<\/h3><p class=\"elementor-image-box-description\">La seguridad de tus datos es nuestra prioridad. Todas las transmisiones de video y audio est\u00e1n cifradas de extremo a extremo. La funci\u00f3n de obturador de privacidad (en modelos seleccionados) te permite cubrir f\u00edsicamente la lente cuando no deseas grabar, garantizando tu tranquilidad absoluta en momentos de intimidad .<\/p><\/div><\/div>\t\t\t\t<\/div>\n\t\t\t\t<\/div>\n\t\t\t\t<div class=\"elementor-element elementor-element-75fb2ec4 elementor-position-left elementor-vertical-align-middle elementor-widget elementor-widget-image-box\" data-id=\"75fb2ec4\" data-element_type=\"widget\" data-settings=\"{&quot;ekit_we_effect_on&quot;:&quot;none&quot;}\" data-widget_type=\"image-box.default\">\n\t\t\t\t<div class=\"elementor-widget-container\">\n\t\t\t\t\t<div class=\"elementor-image-box-wrapper\"><figure class=\"elementor-image-box-img\"><img loading=\"lazy\" decoding=\"async\" width=\"970\" height=\"600\" src=\"https:\/\/exceptionaldiscoveries.shop\/wp-content\/uploads\/2026\/04\/6d944c09-a80c-4739-bb9d-e290405062f6.__CR00970600_PT0_SX970_V1___.jpg\" class=\"attachment-full size-full wp-image-13600 wvs-archive-product-image\" alt=\"\" srcset=\"https:\/\/exceptionaldiscoveries.shop\/wp-content\/uploads\/2026\/04\/6d944c09-a80c-4739-bb9d-e290405062f6.__CR00970600_PT0_SX970_V1___.jpg 970w, https:\/\/exceptionaldiscoveries.shop\/wp-content\/uploads\/2026\/04\/6d944c09-a80c-4739-bb9d-e290405062f6.__CR00970600_PT0_SX970_V1___-300x186.jpg 300w, https:\/\/exceptionaldiscoveries.shop\/wp-content\/uploads\/2026\/04\/6d944c09-a80c-4739-bb9d-e290405062f6.__CR00970600_PT0_SX970_V1___-768x475.jpg 768w, https:\/\/exceptionaldiscoveries.shop\/wp-content\/uploads\/2026\/04\/6d944c09-a80c-4739-bb9d-e290405062f6.__CR00970600_PT0_SX970_V1___-18x12.jpg 18w, https:\/\/exceptionaldiscoveries.shop\/wp-content\/uploads\/2026\/04\/6d944c09-a80c-4739-bb9d-e290405062f6.__CR00970600_PT0_SX970_V1___-600x371.jpg 600w, https:\/\/exceptionaldiscoveries.shop\/wp-content\/uploads\/2026\/04\/6d944c09-a80c-4739-bb9d-e290405062f6.__CR00970600_PT0_SX970_V1___-1x1.jpg 1w, https:\/\/exceptionaldiscoveries.shop\/wp-content\/uploads\/2026\/04\/6d944c09-a80c-4739-bb9d-e290405062f6.__CR00970600_PT0_SX970_V1___-10x6.jpg 10w\" sizes=\"auto, (max-width: 970px) 100vw, 970px\" \/><\/figure><div class=\"elementor-image-box-content\"><h3 class=\"elementor-image-box-title\">Seguimiento autom\u00e1tico \u2013 Sigue al objetivo donde vaya (modelo PTZ)<\/h3><p class=\"elementor-image-box-description\">En los modelos con funci\u00f3n PTZ (Pan-Tilt-Zoom) , la c\u00e1mara puede girar horizontal y verticalmente para cubrir toda la estancia. Cuando detecta movimiento, sigue autom\u00e1ticamente al objetivo, manteni\u00e9ndolo siempre en el centro del encuadre. Nunca perder\u00e1s de vista lo que realmente importa, incluso si se mueve dentro del \u00e1rea vigilada .<\/p><\/div><\/div>\t\t\t\t<\/div>\n\t\t\t\t<\/div>\n\t\t\t\t\t<\/div>\n\t\t\t\t<\/div>\n\t\t<div class=\"elementor-element elementor-element-5c303809 e-flex e-con-boxed e-con e-parent\" data-id=\"5c303809\" data-element_type=\"container\" data-settings=\"{&quot;ekit_has_onepagescroll_dot&quot;:&quot;yes&quot;}\">\n\t\t\t\t\t<div class=\"e-con-inner\">\n\t\t\t\t<div class=\"elementor-element elementor-element-5ce84a35 elementor-widget elementor-widget-image\" data-id=\"5ce84a35\" data-element_type=\"widget\" data-settings=\"{&quot;ekit_we_effect_on&quot;:&quot;none&quot;}\" data-widget_type=\"image.default\">\n\t\t\t\t<div class=\"elementor-widget-container\">\n\t\t\t\t\t\t\t\t\t\t\t\t\t\t\t<img loading=\"lazy\" decoding=\"async\" width=\"970\" height=\"600\" src=\"https:\/\/exceptionaldiscoveries.shop\/wp-content\/uploads\/2026\/04\/218c1e46-bc7c-465b-a8e2-75eaf9a5ee4b.__CR00970600_PT0_SX970_V1___.jpg\" class=\"attachment-full size-full wp-image-13601 wvs-archive-product-image\" alt=\"\" srcset=\"https:\/\/exceptionaldiscoveries.shop\/wp-content\/uploads\/2026\/04\/218c1e46-bc7c-465b-a8e2-75eaf9a5ee4b.__CR00970600_PT0_SX970_V1___.jpg 970w, https:\/\/exceptionaldiscoveries.shop\/wp-content\/uploads\/2026\/04\/218c1e46-bc7c-465b-a8e2-75eaf9a5ee4b.__CR00970600_PT0_SX970_V1___-300x186.jpg 300w, https:\/\/exceptionaldiscoveries.shop\/wp-content\/uploads\/2026\/04\/218c1e46-bc7c-465b-a8e2-75eaf9a5ee4b.__CR00970600_PT0_SX970_V1___-768x475.jpg 768w, https:\/\/exceptionaldiscoveries.shop\/wp-content\/uploads\/2026\/04\/218c1e46-bc7c-465b-a8e2-75eaf9a5ee4b.__CR00970600_PT0_SX970_V1___-18x12.jpg 18w, https:\/\/exceptionaldiscoveries.shop\/wp-content\/uploads\/2026\/04\/218c1e46-bc7c-465b-a8e2-75eaf9a5ee4b.__CR00970600_PT0_SX970_V1___-600x371.jpg 600w, https:\/\/exceptionaldiscoveries.shop\/wp-content\/uploads\/2026\/04\/218c1e46-bc7c-465b-a8e2-75eaf9a5ee4b.__CR00970600_PT0_SX970_V1___-1x1.jpg 1w, https:\/\/exceptionaldiscoveries.shop\/wp-content\/uploads\/2026\/04\/218c1e46-bc7c-465b-a8e2-75eaf9a5ee4b.__CR00970600_PT0_SX970_V1___-10x6.jpg 10w\" sizes=\"auto, (max-width: 970px) 100vw, 970px\" \/>\t\t\t\t\t\t\t\t\t\t\t\t\t\t\t<\/div>\n\t\t\t\t<\/div>\n\t\t\t\t<div class=\"elementor-element elementor-element-5dfb435d elementor-widget elementor-widget-image\" data-id=\"5dfb435d\" data-element_type=\"widget\" data-settings=\"{&quot;ekit_we_effect_on&quot;:&quot;none&quot;}\" data-widget_type=\"image.default\">\n\t\t\t\t<div class=\"elementor-widget-container\">\n\t\t\t\t\t\t\t\t\t\t\t\t\t\t\t<img loading=\"lazy\" decoding=\"async\" width=\"1394\" height=\"758\" src=\"https:\/\/exceptionaldiscoveries.shop\/wp-content\/uploads\/2026\/04\/S8b358e2ed4204b9a803a6754ad26fcfcG.webp\" class=\"attachment-full size-full wp-image-13602 wvs-archive-product-image\" alt=\"\" srcset=\"https:\/\/exceptionaldiscoveries.shop\/wp-content\/uploads\/2026\/04\/S8b358e2ed4204b9a803a6754ad26fcfcG.webp 1394w, https:\/\/exceptionaldiscoveries.shop\/wp-content\/uploads\/2026\/04\/S8b358e2ed4204b9a803a6754ad26fcfcG-300x163.webp 300w, https:\/\/exceptionaldiscoveries.shop\/wp-content\/uploads\/2026\/04\/S8b358e2ed4204b9a803a6754ad26fcfcG-1024x557.webp 1024w, https:\/\/exceptionaldiscoveries.shop\/wp-content\/uploads\/2026\/04\/S8b358e2ed4204b9a803a6754ad26fcfcG-768x418.webp 768w, https:\/\/exceptionaldiscoveries.shop\/wp-content\/uploads\/2026\/04\/S8b358e2ed4204b9a803a6754ad26fcfcG-18x10.webp 18w, https:\/\/exceptionaldiscoveries.shop\/wp-content\/uploads\/2026\/04\/S8b358e2ed4204b9a803a6754ad26fcfcG-600x326.webp 600w, https:\/\/exceptionaldiscoveries.shop\/wp-content\/uploads\/2026\/04\/S8b358e2ed4204b9a803a6754ad26fcfcG-1x1.webp 1w, https:\/\/exceptionaldiscoveries.shop\/wp-content\/uploads\/2026\/04\/S8b358e2ed4204b9a803a6754ad26fcfcG-10x5.webp 10w\" sizes=\"auto, (max-width: 1394px) 100vw, 1394px\" \/>\t\t\t\t\t\t\t\t\t\t\t\t\t\t\t<\/div>\n\t\t\t\t<\/div>\n\t\t\t\t<div class=\"elementor-element elementor-element-64329aea elementor-widget elementor-widget-image\" data-id=\"64329aea\" data-element_type=\"widget\" data-settings=\"{&quot;ekit_we_effect_on&quot;:&quot;none&quot;}\" data-widget_type=\"image.default\">\n\t\t\t\t<div class=\"elementor-widget-container\">\n\t\t\t\t\t\t\t\t\t\t\t\t\t\t\t<img loading=\"lazy\" decoding=\"async\" width=\"1000\" height=\"650\" src=\"https:\/\/exceptionaldiscoveries.shop\/wp-content\/uploads\/2026\/04\/S2d34201b7f534a3ea8f04ffe6aa08171E.webp\" class=\"attachment-full size-full wp-image-13603 wvs-archive-product-image\" alt=\"\" srcset=\"https:\/\/exceptionaldiscoveries.shop\/wp-content\/uploads\/2026\/04\/S2d34201b7f534a3ea8f04ffe6aa08171E.webp 1000w, https:\/\/exceptionaldiscoveries.shop\/wp-content\/uploads\/2026\/04\/S2d34201b7f534a3ea8f04ffe6aa08171E-300x195.webp 300w, https:\/\/exceptionaldiscoveries.shop\/wp-content\/uploads\/2026\/04\/S2d34201b7f534a3ea8f04ffe6aa08171E-768x499.webp 768w, https:\/\/exceptionaldiscoveries.shop\/wp-content\/uploads\/2026\/04\/S2d34201b7f534a3ea8f04ffe6aa08171E-18x12.webp 18w, https:\/\/exceptionaldiscoveries.shop\/wp-content\/uploads\/2026\/04\/S2d34201b7f534a3ea8f04ffe6aa08171E-600x390.webp 600w, https:\/\/exceptionaldiscoveries.shop\/wp-content\/uploads\/2026\/04\/S2d34201b7f534a3ea8f04ffe6aa08171E-1x1.webp 1w, https:\/\/exceptionaldiscoveries.shop\/wp-content\/uploads\/2026\/04\/S2d34201b7f534a3ea8f04ffe6aa08171E-10x7.webp 10w\" sizes=\"auto, (max-width: 1000px) 100vw, 1000px\" \/>\t\t\t\t\t\t\t\t\t\t\t\t\t\t\t<\/div>\n\t\t\t\t<\/div>\n\t\t\t\t<div class=\"elementor-element elementor-element-441badc8 elementor-widget elementor-widget-image\" data-id=\"441badc8\" data-element_type=\"widget\" data-settings=\"{&quot;ekit_we_effect_on&quot;:&quot;none&quot;}\" data-widget_type=\"image.default\">\n\t\t\t\t<div class=\"elementor-widget-container\">\n\t\t\t\t\t\t\t\t\t\t\t\t\t\t\t<img loading=\"lazy\" decoding=\"async\" width=\"970\" height=\"600\" src=\"https:\/\/exceptionaldiscoveries.shop\/wp-content\/uploads\/2026\/04\/a2c4cf91-1435-4e6d-8a8f-a59e8b60fc89.__CR00970600_PT0_SX970_V1___.jpg\" class=\"attachment-full size-full wp-image-13604 wvs-archive-product-image\" alt=\"\" srcset=\"https:\/\/exceptionaldiscoveries.shop\/wp-content\/uploads\/2026\/04\/a2c4cf91-1435-4e6d-8a8f-a59e8b60fc89.__CR00970600_PT0_SX970_V1___.jpg 970w, https:\/\/exceptionaldiscoveries.shop\/wp-content\/uploads\/2026\/04\/a2c4cf91-1435-4e6d-8a8f-a59e8b60fc89.__CR00970600_PT0_SX970_V1___-300x186.jpg 300w, https:\/\/exceptionaldiscoveries.shop\/wp-content\/uploads\/2026\/04\/a2c4cf91-1435-4e6d-8a8f-a59e8b60fc89.__CR00970600_PT0_SX970_V1___-768x475.jpg 768w, https:\/\/exceptionaldiscoveries.shop\/wp-content\/uploads\/2026\/04\/a2c4cf91-1435-4e6d-8a8f-a59e8b60fc89.__CR00970600_PT0_SX970_V1___-18x12.jpg 18w, https:\/\/exceptionaldiscoveries.shop\/wp-content\/uploads\/2026\/04\/a2c4cf91-1435-4e6d-8a8f-a59e8b60fc89.__CR00970600_PT0_SX970_V1___-600x371.jpg 600w, https:\/\/exceptionaldiscoveries.shop\/wp-content\/uploads\/2026\/04\/a2c4cf91-1435-4e6d-8a8f-a59e8b60fc89.__CR00970600_PT0_SX970_V1___-1x1.jpg 1w, https:\/\/exceptionaldiscoveries.shop\/wp-content\/uploads\/2026\/04\/a2c4cf91-1435-4e6d-8a8f-a59e8b60fc89.__CR00970600_PT0_SX970_V1___-10x6.jpg 10w\" sizes=\"auto, (max-width: 970px) 100vw, 970px\" \/>\t\t\t\t\t\t\t\t\t\t\t\t\t\t\t<\/div>\n\t\t\t\t<\/div>\n\t\t\t\t\t<\/div>\n\t\t\t\t<\/div>\n\t\t\t\t<\/div>","protected":false},"excerpt":{"rendered":"<h1 class=\"a-size-base-plus a-text-bold\">Acerca de este art\u00edculo<\/h1>\n<ul class=\"a-unordered-list a-vertical a-spacing-mini\">\n<li class=\"a-spacing-mini\"><span class=\"a-list-item\">[3MP+2K Resolution &amp; 360\u00b0 Coverage]: Hawkray home security camera features 3MP full HD resolution, delivering sharp image quality (3MP) and smooth live video (2K). With remote control via the mobile app, you can rotate the camera 350\u00b0 horizontally and 90\u00b0 vertically, providing 360\u00b0 coverage to safeguard every corner of your home. This security camera works with 2.4GHz WiFi only (not compatible with 5GHz).<\/span><\/li>\n<\/ul>","protected":false},"featured_media":13587,"comment_status":"open","ping_status":"closed","template":"","meta":{"_acf_changed":false},"etheme_brands":[],"product_brand":[],"product_cat":[127,118],"product_tag":[],"class_list":{"0":"post-13586","1":"product","2":"type-product","3":"status-publish","4":"has-post-thumbnail","6":"product_cat-dao","7":"product_cat-sale-shop","9":"first","10":"instock","11":"sale","12":"shipping-taxable","13":"purchasable","14":"product-type-simple"},"acf":[],"_links":{"self":[{"href":"https:\/\/exceptionaldiscoveries.shop\/es\/wp-json\/wp\/v2\/product\/13586","targetHints":{"allow":["GET"]}}],"collection":[{"href":"https:\/\/exceptionaldiscoveries.shop\/es\/wp-json\/wp\/v2\/product"}],"about":[{"href":"https:\/\/exceptionaldiscoveries.shop\/es\/wp-json\/wp\/v2\/types\/product"}],"replies":[{"embeddable":true,"href":"https:\/\/exceptionaldiscoveries.shop\/es\/wp-json\/wp\/v2\/comments?post=13586"}],"version-history":[{"count":4,"href":"https:\/\/exceptionaldiscoveries.shop\/es\/wp-json\/wp\/v2\/product\/13586\/revisions"}],"predecessor-version":[{"id":13610,"href":"https:\/\/exceptionaldiscoveries.shop\/es\/wp-json\/wp\/v2\/product\/13586\/revisions\/13610"}],"wp:featuredmedia":[{"embeddable":true,"href":"https:\/\/exceptionaldiscoveries.shop\/es\/wp-json\/wp\/v2\/media\/13587"}],"wp:attachment":[{"href":"https:\/\/exceptionaldiscoveries.shop\/es\/wp-json\/wp\/v2\/media?parent=13586"}],"wp:term":[{"taxonomy":"brand","embeddable":true,"href":"https:\/\/exceptionaldiscoveries.shop\/es\/wp-json\/wp\/v2\/etheme_brands?post=13586"},{"taxonomy":"product_brand","embeddable":true,"href":"https:\/\/exceptionaldiscoveries.shop\/es\/wp-json\/wp\/v2\/product_brand?post=13586"},{"taxonomy":"product_cat","embeddable":true,"href":"https:\/\/exceptionaldiscoveries.shop\/es\/wp-json\/wp\/v2\/product_cat?post=13586"},{"taxonomy":"product_tag","embeddable":true,"href":"https:\/\/exceptionaldiscoveries.shop\/es\/wp-json\/wp\/v2\/product_tag?post=13586"}],"curies":[{"name":"wp","href":"https:\/\/api.w.org\/{rel}","templated":true}]}}